{"id":15004,"date":"2020-07-15T00:06:59","date_gmt":"2020-07-14T22:06:59","guid":{"rendered":"https:\/\/www.mikroelektronika.net\/?page_id=15004"},"modified":"2025-02-18T11:24:43","modified_gmt":"2025-02-18T10:24:43","slug":"proizvodi","status":"publish","type":"page","link":"https:\/\/www.sitel.co.rs\/sr\/proizvodi\/","title":{"rendered":"Proizvodi"},"content":{"rendered":"<div class=\"wpb-content-wrapper\"><p>[vc_row][vc_column][vc_empty_space height=&#8221;90px&#8221;][vc_row_inner][vc_column_inner width=&#8221;1\/6&#8243;][\/vc_column_inner][vc_column_inner width=&#8221;2\/3&#8243;]<div id='ins-heading-69ff299dcfefb' class='section-heading ins-heading text-center default   ' style='margin-top:0; margin-bottom:0'><h1 class='section-heading-title margin-10px-top none font-weight-400 no-letter-spacing'>Mikroelektronika elektronska brojila<\/h1><h6 class='section-heading-subtitle title-font  default no-letter-spacing'>U saglasnosti s najnovijim standardima, donose vam maksimalnu efikasnost.<\/h6><\/div><script type=\"text\/javascript\">\n\t\t(function(jQuery) {jQuery(\"head\").append(\"<style>#ins-heading-69ff299dcfefb h1 {color: #2f353e;}#ins-heading-69ff299dcfefb .section-heading-subtitle {color: #f26122;}<\/style>\")\n\t\t\t\t\t})(jQuery);\n\t\t\t\t\t\t<\/script>[vc_empty_space height=&#8221;20px&#8221;][vc_column_text]<\/p>\n<p style=\"text-align: center;\">Brojila odgovaraju evropskim standardima EN 50470-1 i EN 50470-3, kao i me\u0111unarodnim standardima IEC 62052-11 i IEC 62053-21, a projektovana su i proizvedena u skladu sa ISO 9001 standardom. Brojila aktivne i reaktivne elektri\u010dne energije, pored specifi\u010dnih standarda, ispunjavaju i zahteve me\u0111unarodnog standarda IEC62053-23.<\/p>\n<p style=\"text-align: center;\"><strong>Sva na\u0161a brojila u potpunosti su uskla\u0111ena s AMI 4.2 standardom, koji je propisala Elektrodistribucija Srbije.<\/strong><\/p>\n<p>[\/vc_column_text][vc_single_image image=&#8221;14647&#8243; img_size=&#8221;medium&#8221; alignment=&#8221;center&#8221;][\/vc_column_inner][vc_column_inner width=&#8221;1\/6&#8243;][\/vc_column_inner][\/vc_row_inner][vc_empty_space height=&#8221;20px&#8221;][vc_row_inner gap=&#8221;25&#8243;][vc_column_inner width=&#8221;1\/3&#8243;]<div id='ins-icon-69ff299dcff62' class='ins-icon-wrapper last-paragraph-no-margin margin-20px-bottom   text-center  '><div class='ins-icon-box-icon margin-20px-bottom ins-top-icon-basic icon-large'><i class='fa fa-codepen'><\/i><\/div><div class='ins-icon-box-content'><div class='ins-icon-box-title title-font margin-15px-bottom sm-margin-5px-bottom text-extra-large font-weight-500 letter-spacing-1'>Originalan razvoj<\/div><p class='ins-icon-box-text  default'>Svi na\u0161i proizvodi u potpunosti su razvijeni u na\u0161oj kompaniji, po\u010dev\u0161i od osnovnog dizajna do zavr\u0161ne monta\u017ee<\/p><\/div><\/div><script type=\"text\/javascript\">\n\t\t(function(jQuery) {jQuery(\"head\").append(\"<style>#ins-icon-69ff299dcff62 .ins-icon-box-icon i, #ins-icon-69ff299dcff62 .ins-float-icon-inner i, #ins-icon-69ff299dcff62 .ins-float-right-icon-inner i {color: #f26122;}#ins-icon-69ff299dcff62 .ins-icon-box-title, #ins-icon-69ff299dcff62 .ins-float-icon-box-title {color: #2f353e;}<\/style>\")\n\t\t\t\t\t})(jQuery);\n\t\t\t\t\t\t<\/script>[\/vc_column_inner][vc_column_inner width=&#8221;1\/3&#8243;]<div id='ins-icon-69ff299dcffaa' class='ins-icon-wrapper last-paragraph-no-margin margin-20px-bottom   text-center  '><div class='ins-icon-box-icon margin-20px-bottom ins-top-icon-basic icon-large'><i class='fa fa-globe'><\/i><\/div><div class='ins-icon-box-content'><div class='ins-icon-box-title title-font margin-15px-bottom sm-margin-5px-bottom text-extra-large font-weight-500 letter-spacing-1'>Najnoviji standardi<\/div><p class='ins-icon-box-text  default'>Konstantno se pridr\u017eavamo najnovijih standarda i sertifikata kako bismo osigurali potpunu kompatibilnost na globalnom tr\u017ei\u0161tu<\/p><\/div><\/div><script type=\"text\/javascript\">\n\t\t(function(jQuery) {jQuery(\"head\").append(\"<style>#ins-icon-69ff299dcffaa .ins-icon-box-icon i, #ins-icon-69ff299dcffaa .ins-float-icon-inner i, #ins-icon-69ff299dcffaa .ins-float-right-icon-inner i {color: #f26122;}#ins-icon-69ff299dcffaa .ins-icon-box-title, #ins-icon-69ff299dcffaa .ins-float-icon-box-title {color: #2f353e;}<\/style>\")\n\t\t\t\t\t})(jQuery);\n\t\t\t\t\t\t<\/script>[\/vc_column_inner][vc_column_inner width=&#8221;1\/3&#8243;]<div id='ins-icon-69ff299dd0024' class='ins-icon-wrapper last-paragraph-no-margin margin-20px-bottom   text-center  '><div class='ins-icon-box-icon margin-20px-bottom ins-top-icon-basic icon-large'><i class='fa fa-sliders'><\/i><\/div><div class='ins-icon-box-content'><div class='ins-icon-box-title title-font margin-15px-bottom sm-margin-5px-bottom text-extra-large font-weight-500 letter-spacing-1'>Opse\u017eno testiranje<\/div><p class='ins-icon-box-text  default'>Sofisticirani postupci ispitivanja osiguravaju maksimalan kvalitet i trajnost na\u0161ih proizvoda<\/p><\/div><\/div><script type=\"text\/javascript\">\n\t\t(function(jQuery) {jQuery(\"head\").append(\"<style>#ins-icon-69ff299dd0024 .ins-icon-box-icon i, #ins-icon-69ff299dd0024 .ins-float-icon-inner i, #ins-icon-69ff299dd0024 .ins-float-right-icon-inner i {color: #f26122;}#ins-icon-69ff299dd0024 .ins-icon-box-title, #ins-icon-69ff299dd0024 .ins-float-icon-box-title {color: #2f353e;}<\/style>\")\n\t\t\t\t\t})(jQuery);\n\t\t\t\t\t\t<\/script>[\/vc_column_inner][\/vc_row_inner][vc_empty_space][\/vc_column][\/vc_row][vc_row full_width=&#8221;stretch_row_content_no_spaces&#8221;][vc_column][vc_row_inner equal_height=&#8221;yes&#8221;][vc_column_inner width=&#8221;1\/2&#8243; css=&#8221;.vc_custom_1726351913756{background-image: url(https:\/\/www.sitel.co.rs\/wp-content\/uploads\/2021\/09\/met600d.jpg?id=15388) !important;background-position: center !important;background-repeat: no-repeat !important;background-size: cover !important;}&#8221;][vc_empty_space height=&#8221;300px&#8221;][\/vc_column_inner][vc_column_inner width=&#8221;1\/2&#8243; css=&#8221;.vc_custom_1553649577798{padding-top: 20% !important;padding-right: 15% !important;padding-bottom: 20% !important;padding-left: 15% !important;background-color: #212121 !important;}&#8221;]<div id='ins-heading-69ff299dd0057' class='section-heading ins-heading text-left default   ' style='margin-top:0; margin-bottom:40px'><h6 class='section-heading-subtitle margin-0px-bottom title-font text-extra-large no-letter-spacing default'>POSEBNO IZDVAJAMO<\/h6><h2 class='section-heading-title margin-10px-top none font-weight-400 no-letter-spacing'>Merne grupe za prosumere<\/h2><\/div><script type=\"text\/javascript\">\n\t\t(function(jQuery) {jQuery(\"head\").append(\"<style>#ins-heading-69ff299dd0057 h2 {color: #f5f5f5;}#ins-heading-69ff299dd0057 .section-heading-subtitle {color: #f5f5f5;}<\/style>\")\n\t\t\t\t\t})(jQuery);\n\t\t\t\t\t\t<\/script>[vc_column_text]Brojila elektri\u010dne energije posebno prilago\u0111ena za korisnike solarnih panela, vetroparkova, malih hidroelektrana i sli\u010dno.[\/vc_column_text]<div id='ins-button-69ff299dd00a9' class='ins-button-wrapper text-left 40px  '><a class='ins-button title-font letter-spacing-1 text-white pc-border pc-bg btn-square font-weight-400 btn-medium text-uppercase ' href='https:\/\/www.sitel.co.rs\/sr\/merne-grupe-za-prosumere\/'  target='_self'><span>Vi\u0161e informacija o proizvodu<\/span><\/a><\/div><script type=\"text\/javascript\">\n\t\t(function(jQuery) {jQuery(\"head\").append(\"<style>#ins-button-69ff299dd00a9 .ins-button {color: #2f353e;}#ins-button-69ff299dd00a9 .ins-button:hover {color: #f5f5f5;}#ins-button-69ff299dd00a9 .ins-button {background-color: #f5f5f5;}#ins-button-69ff299dd00a9 .ins-button:hover {background-color: rgba(47,53,62,0.01);}#ins-button-69ff299dd00a9 .ins-button {border-color: #f5f5f5;}#ins-button-69ff299dd00a9 .ins-button:hover {border-color: #f5f5f5;}#ins-button-69ff299dd00a9.ins-button-wrapper {margin-top: 40px;}<\/style>\")\n\t\t\t\t\t})(jQuery);\n\t\t\t\t\t\t<\/script>[\/vc_column_inner][\/vc_row_inner][vc_row_inner equal_height=&#8221;yes&#8221;][vc_column_inner width=&#8221;1\/2&#8243; css=&#8221;.vc_custom_1529668251413{padding-top: 20% !important;padding-right: 15% !important;padding-bottom: 20% !important;padding-left: 15% !important;background-color: #212121 !important;}&#8221;]<div id='ins-heading-69ff299dd00dd' class='section-heading ins-heading text-left default   ' style='margin-top:0; margin-bottom:40px'><h6 class='section-heading-subtitle margin-0px-bottom title-font text-extra-large no-letter-spacing default'>Monofazna brojila elektri\u010dne energije<\/h6><h2 class='section-heading-title margin-10px-top none font-weight-400 no-letter-spacing'>MEM600<\/h2><\/div><script type=\"text\/javascript\">\n\t\t(function(jQuery) {jQuery(\"head\").append(\"<style>#ins-heading-69ff299dd00dd h2 {color: #f5f5f5;}#ins-heading-69ff299dd00dd .section-heading-subtitle {color: #f5f5f5;}<\/style>\")\n\t\t\t\t\t})(jQuery);\n\t\t\t\t\t\t<\/script>[vc_column_text]Brojila elektri\u010dne energije tipa MEM600 su monofazna vi\u0161etarifna brojila za merenje aktivne ili aktivne i reaktivne energije i snage.[\/vc_column_text]<div id='ins-button-69ff299dd0111' class='ins-button-wrapper text-left 40px  '><a class='ins-button title-font letter-spacing-1 text-white pc-border pc-bg btn-square font-weight-400 btn-medium text-uppercase ' href='https:\/\/www.sitel.co.rs\/sr\/monofazno-brojilo-mem600\/'  target='_self'><span>Vi\u0161e informacija o proizvodu<\/span><\/a><\/div><script type=\"text\/javascript\">\n\t\t(function(jQuery) {jQuery(\"head\").append(\"<style>#ins-button-69ff299dd0111 .ins-button {color: #2f353e;}#ins-button-69ff299dd0111 .ins-button:hover {color: #f5f5f5;}#ins-button-69ff299dd0111 .ins-button {background-color: #f5f5f5;}#ins-button-69ff299dd0111 .ins-button:hover {background-color: rgba(47,53,62,0.01);}#ins-button-69ff299dd0111 .ins-button {border-color: #f5f5f5;}#ins-button-69ff299dd0111 .ins-button:hover {border-color: #f5f5f5;}#ins-button-69ff299dd0111.ins-button-wrapper {margin-top: 40px;}<\/style>\")\n\t\t\t\t\t})(jQuery);\n\t\t\t\t\t\t<\/script>[\/vc_column_inner][vc_column_inner width=&#8221;1\/2&#8243; css=&#8221;.vc_custom_1632483144378{background-image: url(https:\/\/www.sitel.co.rs\/wp-content\/uploads\/2021\/09\/mem600.jpg?id=15390) !important;background-position: center !important;background-repeat: no-repeat !important;background-size: cover !important;}&#8221;][vc_empty_space height=&#8221;300px&#8221;][\/vc_column_inner][\/vc_row_inner][vc_row_inner equal_height=&#8221;yes&#8221;][vc_column_inner width=&#8221;1\/2&#8243; css=&#8221;.vc_custom_1632483192461{background-image: url(https:\/\/www.sitel.co.rs\/wp-content\/uploads\/2021\/09\/met600d.jpg?id=15388) !important;background-position: center !important;background-repeat: no-repeat !important;background-size: cover !important;}&#8221;][vc_empty_space height=&#8221;300px&#8221;][\/vc_column_inner][vc_column_inner width=&#8221;1\/2&#8243; css=&#8221;.vc_custom_1529668251413{padding-top: 20% !important;padding-right: 15% !important;padding-bottom: 20% !important;padding-left: 15% !important;background-color: #212121 !important;}&#8221;]<div id='ins-heading-69ff299dd013c' class='section-heading ins-heading text-left default   ' style='margin-top:0; margin-bottom:40px'><h6 class='section-heading-subtitle margin-0px-bottom title-font text-extra-large no-letter-spacing default'>Trofazna brojila elektri\u010dne energije<\/h6><h2 class='section-heading-title margin-10px-top none font-weight-400 no-letter-spacing'>MET600 \u2013 za direktno priklju\u010denje<\/h2><\/div><script type=\"text\/javascript\">\n\t\t(function(jQuery) {jQuery(\"head\").append(\"<style>#ins-heading-69ff299dd013c h2 {color: #f5f5f5;}#ins-heading-69ff299dd013c .section-heading-subtitle {color: #f5f5f5;}<\/style>\")\n\t\t\t\t\t})(jQuery);\n\t\t\t\t\t\t<\/script>[vc_column_text]Brojila elektri\u010dne energije tipa MET600 su trofazna vi\u0161etarifna brojila za merenje aktivne ili aktivne i reaktivne energije i snage u trofaznim \u010detvero\u017ei\u010dnim mre\u017eama.[\/vc_column_text]<div id='ins-button-69ff299dd016a' class='ins-button-wrapper text-left 40px  '><a class='ins-button title-font letter-spacing-1 text-white pc-border pc-bg btn-square font-weight-400 btn-medium text-uppercase ' href='https:\/\/www.sitel.co.rs\/sr\/trofazno-brojilo-met600-direktno\/'  target='_self'><span>Vi\u0161e informacija o proizvodu<\/span><\/a><\/div><script type=\"text\/javascript\">\n\t\t(function(jQuery) {jQuery(\"head\").append(\"<style>#ins-button-69ff299dd016a .ins-button {color: #2f353e;}#ins-button-69ff299dd016a .ins-button:hover {color: #f5f5f5;}#ins-button-69ff299dd016a .ins-button {background-color: #f5f5f5;}#ins-button-69ff299dd016a .ins-button:hover {background-color: rgba(47,53,62,0.01);}#ins-button-69ff299dd016a .ins-button {border-color: #f5f5f5;}#ins-button-69ff299dd016a .ins-button:hover {border-color: #f5f5f5;}#ins-button-69ff299dd016a.ins-button-wrapper {margin-top: 40px;}<\/style>\")\n\t\t\t\t\t})(jQuery);\n\t\t\t\t\t\t<\/script>[\/vc_column_inner][\/vc_row_inner][vc_row_inner equal_height=&#8221;yes&#8221;][vc_column_inner width=&#8221;1\/2&#8243; css=&#8221;.vc_custom_1529668251413{padding-top: 20% !important;padding-right: 15% !important;padding-bottom: 20% !important;padding-left: 15% !important;background-color: #212121 !important;}&#8221;]<div id='ins-heading-69ff299dd0192' class='section-heading ins-heading text-left default   ' style='margin-top:0; margin-bottom:40px'><h6 class='section-heading-subtitle margin-0px-bottom title-font text-extra-large no-letter-spacing default'>Ure\u0111aji iz trofazne merne grupe<\/h6><h2 class='section-heading-title margin-10px-top none font-weight-400 no-letter-spacing'>Merne grupe MET600 \u2013 za CT ili CT\/VT priklju\u010denja (Multirange)<\/h2><\/div><script type=\"text\/javascript\">\n\t\t(function(jQuery) {jQuery(\"head\").append(\"<style>#ins-heading-69ff299dd0192 h2 {color: #f5f5f5;}#ins-heading-69ff299dd0192 .section-heading-subtitle {color: #f5f5f5;}<\/style>\")\n\t\t\t\t\t})(jQuery);\n\t\t\t\t\t\t<\/script>[vc_column_text]Ure\u0111aji iz merne grupe M\u0415T600 su trofazna elektronska brojila koja su namenjena za merenje aktivne elektri\u010dne energije i snage i reaktivne elektri\u010dne energije i snage naizmeni\u010dne struje trofaznog sistema sa 4 provodnika (u Aronovoj vezi sa 3 provodnika).[\/vc_column_text]<div id='ins-button-69ff299dd0204' class='ins-button-wrapper text-left 40px  '><a class='ins-button title-font letter-spacing-1 text-white pc-border pc-bg btn-square font-weight-400 btn-medium text-uppercase ' href='https:\/\/www.sitel.co.rs\/sr\/merne-grupe-met600-multirange\/'  target='_self'><span>Vi\u0161e informacija o proizvodu<\/span><\/a><\/div><script type=\"text\/javascript\">\n\t\t(function(jQuery) {jQuery(\"head\").append(\"<style>#ins-button-69ff299dd0204 .ins-button {color: #2f353e;}#ins-button-69ff299dd0204 .ins-button:hover {color: #f5f5f5;}#ins-button-69ff299dd0204 .ins-button {background-color: #f5f5f5;}#ins-button-69ff299dd0204 .ins-button:hover {background-color: rgba(47,53,62,0.01);}#ins-button-69ff299dd0204 .ins-button {border-color: #f5f5f5;}#ins-button-69ff299dd0204 .ins-button:hover {border-color: #f5f5f5;}#ins-button-69ff299dd0204.ins-button-wrapper {margin-top: 40px;}<\/style>\")\n\t\t\t\t\t})(jQuery);\n\t\t\t\t\t\t<\/script>[\/vc_column_inner][vc_column_inner width=&#8221;1\/2&#8243; css=&#8221;.vc_custom_1632483225177{background-image: url(https:\/\/www.sitel.co.rs\/wp-content\/uploads\/2021\/09\/met600m.jpg?id=15386) !important;background-position: center !important;background-repeat: no-repeat !important;background-size: cover !important;}&#8221;][vc_empty_space height=&#8221;300px&#8221;][\/vc_column_inner][\/vc_row_inner][vc_row_inner equal_height=&#8221;yes&#8221;][vc_column_inner width=&#8221;1\/2&#8243; css=&#8221;.vc_custom_1632483216982{background-image: url(https:\/\/www.sitel.co.rs\/wp-content\/uploads\/2021\/09\/mec600.jpg?id=15371) !important;background-position: center !important;background-repeat: no-repeat !important;background-size: cover !important;}&#8221;][vc_empty_space height=&#8221;300px&#8221;][\/vc_column_inner][vc_column_inner width=&#8221;1\/2&#8243; css=&#8221;.vc_custom_1529668251413{padding-top: 20% !important;padding-right: 15% !important;padding-bottom: 20% !important;padding-left: 15% !important;background-color: #212121 !important;}&#8221;]<div id='ins-heading-69ff299dd0234' class='section-heading ins-heading text-left default   ' style='margin-top:0; margin-bottom:40px'><h6 class='section-heading-subtitle margin-0px-bottom title-font text-extra-large no-letter-spacing default'>Industrijski koncentrator<\/h6><h2 class='section-heading-title margin-10px-top none font-weight-400 no-letter-spacing'>Koncentrator MEC<\/h2><\/div><script type=\"text\/javascript\">\n\t\t(function(jQuery) {jQuery(\"head\").append(\"<style>#ins-heading-69ff299dd0234 h2 {color: #f5f5f5;}#ins-heading-69ff299dd0234 .section-heading-subtitle {color: #f5f5f5;}<\/style>\")\n\t\t\t\t\t})(jQuery);\n\t\t\t\t\t\t<\/script>[vc_column_text]MEC industrijski koncentrator je industrijski ra\u010dunar i koristi se za o\u010ditavanje, prikupljanje i obradu podataka sa brojila. Centar za o\u010ditavanje direktno sa koncentratora povla\u010di informacije. Industrijski koncentrator se mo\u017ee podesiti da u odre\u0111enim i programabilnim vremenskim intervalima o\u010ditava odabrane podatke sa brojila.[\/vc_column_text]<div id='ins-button-69ff299dd0262' class='ins-button-wrapper text-left 40px  '><a class='ins-button title-font letter-spacing-1 text-white pc-border pc-bg btn-square font-weight-400 btn-medium text-uppercase ' href='https:\/\/www.sitel.co.rs\/sr\/koncentrator-mec\/'  target='_self'><span>Vi\u0161e informacija o proizvodu<\/span><\/a><\/div><script type=\"text\/javascript\">\n\t\t(function(jQuery) {jQuery(\"head\").append(\"<style>#ins-button-69ff299dd0262 .ins-button {color: #2f353e;}#ins-button-69ff299dd0262 .ins-button:hover {color: #f5f5f5;}#ins-button-69ff299dd0262 .ins-button {background-color: #f5f5f5;}#ins-button-69ff299dd0262 .ins-button:hover {background-color: rgba(47,53,62,0.01);}#ins-button-69ff299dd0262 .ins-button {border-color: #f5f5f5;}#ins-button-69ff299dd0262 .ins-button:hover {border-color: #f5f5f5;}#ins-button-69ff299dd0262.ins-button-wrapper {margin-top: 40px;}<\/style>\")\n\t\t\t\t\t})(jQuery);\n\t\t\t\t\t\t<\/script>[\/vc_column_inner][\/vc_row_inner][vc_row_inner equal_height=&#8221;yes&#8221;][vc_column_inner width=&#8221;1\/2&#8243; css=&#8221;.vc_custom_1553649577798{padding-top: 20% !important;padding-right: 15% !important;padding-bottom: 20% !important;padding-left: 15% !important;background-color: #212121 !important;}&#8221;]<div id='ins-heading-69ff299dd0288' class='section-heading ins-heading text-left default   ' style='margin-top:0; margin-bottom:40px'><h6 class='section-heading-subtitle margin-0px-bottom title-font text-extra-large no-letter-spacing default'>Softverski paketi<\/h6><h2 class='section-heading-title margin-10px-top none font-weight-400 no-letter-spacing'>\u03bcSys i \u03bcMeter<\/h2><\/div><script type=\"text\/javascript\">\n\t\t(function(jQuery) {jQuery(\"head\").append(\"<style>#ins-heading-69ff299dd0288 h2 {color: #f5f5f5;}#ins-heading-69ff299dd0288 .section-heading-subtitle {color: #f5f5f5;}<\/style>\")\n\t\t\t\t\t})(jQuery);\n\t\t\t\t\t\t<\/script>[vc_column_text]\u03bcSys i \u03bcMeter su softverski paketi koji nude direktnu komunikaciju i o\u010ditavanje brojila elektri\u010dne energije i mre\u017enih sistema koji podr\u017eavaju DLMS protokol. Generisana baza podataka mo\u017ee se izvesti i koristiti za naplatu.[\/vc_column_text]<div id='ins-button-69ff299dd02b1' class='ins-button-wrapper text-left 40px  '><a class='ins-button title-font letter-spacing-1 text-white pc-border pc-bg btn-square font-weight-400 btn-medium text-uppercase ' href='https:\/\/www.sitel.co.rs\/sr\/softverski-paketi-%ce%bcsys-%ce%bcmeter\/'  target='_self'><span>Vi\u0161e informacija o proizvodu<\/span><\/a><\/div><script type=\"text\/javascript\">\n\t\t(function(jQuery) {jQuery(\"head\").append(\"<style>#ins-button-69ff299dd02b1 .ins-button {color: #2f353e;}#ins-button-69ff299dd02b1 .ins-button:hover {color: #f5f5f5;}#ins-button-69ff299dd02b1 .ins-button {background-color: #f5f5f5;}#ins-button-69ff299dd02b1 .ins-button:hover {background-color: rgba(47,53,62,0.01);}#ins-button-69ff299dd02b1 .ins-button {border-color: #f5f5f5;}#ins-button-69ff299dd02b1 .ins-button:hover {border-color: #f5f5f5;}#ins-button-69ff299dd02b1.ins-button-wrapper {margin-top: 40px;}<\/style>\")\n\t\t\t\t\t})(jQuery);\n\t\t\t\t\t\t<\/script>[\/vc_column_inner][vc_column_inner width=&#8221;1\/2&#8243; css=&#8221;.vc_custom_1629059733652{background-image: url(https:\/\/www.sitel.co.rs\/wp-content\/uploads\/2019\/08\/microsys.jpg?id=14859) !important;background-position: center !important;background-repeat: no-repeat !important;background-size: cover !important;}&#8221;][vc_empty_space height=&#8221;300px&#8221;][\/vc_column_inner][\/vc_row_inner][\/vc_column][\/vc_row][vc_row full_width=&#8221;stretch_row&#8221; disable_element=&#8221;yes&#8221;][vc_column][vc_empty_space height=&#8221;50px&#8221;]<div class=\"ins-client-logos-holder ins-logo-carousel-holder\"><div id=\"ins-icon-69ff299dd02d7\" class=\"ins-client-logos client-logos-grid ins-clients-logo-grid ins-clients-logo-grid-4   \" data-cols=\"4\" data-dots=\"false\">\t\t\t<div class=\"client-logo ins-clients-logo-grid-item\">\n\t\t\t\t<!-- Logo Link -->\n\t\t\t\t<a >\n\t\t\t\t\t<!-- Logo Image SRC -->\n\t\t\t\t\t<img src=\"\" alt=\"clients-logo\">\n\t\t\t\t<\/a>\n\t\t\t<\/div>\t\n\t\t\t\n                     \n\n\n\t\t\t\n\t\t\t\t\t\n\t\t\t\t\t\t<div class=\"client-logo ins-clients-logo-grid-item\">\n\t\t\t\t<!-- Logo Link -->\n\t\t\t\t<a >\n\t\t\t\t\t<!-- Logo Image SRC -->\n\t\t\t\t\t<img src=\"\" alt=\"clients-logo\">\n\t\t\t\t<\/a>\n\t\t\t<\/div>\t\n\t\t\t\n                     \n\n\n\t\t\t\n\t\t\t\t\t\n\t\t\t\t\t\t<div class=\"client-logo ins-clients-logo-grid-item\">\n\t\t\t\t<!-- Logo Link -->\n\t\t\t\t<a >\n\t\t\t\t\t<!-- Logo Image SRC -->\n\t\t\t\t\t<img src=\"\" alt=\"clients-logo\">\n\t\t\t\t<\/a>\n\t\t\t<\/div>\t\n\t\t\t\n                     \n\n\n\t\t\t\n\t\t\t\t\t\n\t\t\t\t\t\t<div class=\"client-logo ins-clients-logo-grid-item\">\n\t\t\t\t<!-- Logo Link -->\n\t\t\t\t<a >\n\t\t\t\t\t<!-- Logo Image SRC -->\n\t\t\t\t\t<img src=\"\" alt=\"clients-logo\">\n\t\t\t\t<\/a>\n\t\t\t<\/div>\t\n\t\t\t\n                     \n\n\n\t\t\t\n\t\t\t\t\t\n\t\t\t\t\t\t<div class=\"client-logo ins-clients-logo-grid-item\">\n\t\t\t\t<!-- Logo Link -->\n\t\t\t\t<a >\n\t\t\t\t\t<!-- Logo Image SRC -->\n\t\t\t\t\t<img src=\"\" alt=\"clients-logo\">\n\t\t\t\t<\/a>\n\t\t\t<\/div>\t\n\t\t\t\n                     \n\n\n\t\t\t\n\t\t\t\t\t\n\t\t\t\t\t\t<div class=\"client-logo ins-clients-logo-grid-item\">\n\t\t\t\t<!-- Logo Link -->\n\t\t\t\t<a >\n\t\t\t\t\t<!-- Logo Image SRC -->\n\t\t\t\t\t<img src=\"\" alt=\"clients-logo\">\n\t\t\t\t<\/a>\n\t\t\t<\/div>\t\n\t\t\t\n                     \n\n\n\t\t\t\n\t\t\t\t\t\n\t\t\t\t\t\t<div class=\"client-logo ins-clients-logo-grid-item\">\n\t\t\t\t<!-- Logo Link -->\n\t\t\t\t<a >\n\t\t\t\t\t<!-- Logo Image SRC -->\n\t\t\t\t\t<img src=\"\" alt=\"clients-logo\">\n\t\t\t\t<\/a>\n\t\t\t<\/div>\t\n\t\t\t\n                     \n\n\n\t\t\t\n\t\t\t\t\t\n\t\t\t\t\t\t<div class=\"client-logo ins-clients-logo-grid-item\">\n\t\t\t\t<!-- Logo Link -->\n\t\t\t\t<a >\n\t\t\t\t\t<!-- Logo Image SRC -->\n\t\t\t\t\t<img src=\"\" alt=\"clients-logo\">\n\t\t\t\t<\/a>\n\t\t\t<\/div>\t\n\t\t\t\n                     \n\n\n\t\t\t\n\t\t\t\t\t\n\t\t\t\t\t\t<div class=\"client-logo ins-clients-logo-grid-item\">\n\t\t\t\t<!-- Logo Link -->\n\t\t\t\t<a >\n\t\t\t\t\t<!-- Logo Image SRC -->\n\t\t\t\t\t<img src=\"\" alt=\"clients-logo\">\n\t\t\t\t<\/a>\n\t\t\t<\/div>\t\n\t\t\t\n                     \n\n\n\t\t\t\n\t\t\t\t\t\n\t\t\t\t\t\t<div class=\"client-logo ins-clients-logo-grid-item\">\n\t\t\t\t<!-- Logo Link -->\n\t\t\t\t<a >\n\t\t\t\t\t<!-- Logo Image SRC -->\n\t\t\t\t\t<img src=\"\" alt=\"clients-logo\">\n\t\t\t\t<\/a>\n\t\t\t<\/div>\t\n\t\t\t\n                     \n\n\n\t\t\t\n\t\t\t\t\t\n\t\t\t<\/div><\/div>\t\t\n\t\t<script type=\"text\/javascript\">\n\t\t(function(jQuery) {\n\n\t\t\n\t\t\t\t\t\n\t\t\t\t\t})(jQuery);\n\t\t\t\t\t\t<\/script>\n\n    \n\n\t\t\n\t\t <script type=\"text\/javascript\">\n                      \n\njQuery('#ins-icon-69ff299dd02d7.ins-logos-carousel').slick({\n  arrows: false,\n                 dots: false,\n    slidesToShow: 4,\n      \n        slidesToScroll: 3,\n\n     responsive: [\n    {\n      breakpoint: 1024,\n      settings: {\n        slidesToShow: 3,\n        slidesToScroll: 3,\n     dots: false,\n      }\n    },\n    {\n      breakpoint: 600,\n      settings: {\n        slidesToShow: 2,\n        slidesToScroll: 2\n      }\n    },\n    {\n      breakpoint: 480,\n      settings: {\n        slidesToShow: 1,\n        slidesToScroll: 1\n      }\n    }\n   \n  ]\n\n  });\n\t\t\t\t\t\t<\/script>\n\t\t\n\t\t[vc_empty_space height=&#8221;50px&#8221;][\/vc_column][\/vc_row][vc_row full_width=&#8221;stretch_row&#8221; disable_element=&#8221;yes&#8221;][vc_column][vc_empty_space height=&#8221;50px&#8221;][vc_single_image image=&#8221;14647&#8243; img_size=&#8221;large&#8221; alignment=&#8221;center&#8221;][vc_empty_space height=&#8221;20px&#8221;][\/vc_column][\/vc_row]<\/p>\n<\/div>","protected":false},"excerpt":{"rendered":"<p>[vc_row][vc_column][vc_empty_space height=&#8221;90px&#8221;][vc_row_inner][vc_column_inner width=&#8221;1\/6&#8243;][\/vc_column_inner][vc_column_inner width=&#8221;2\/3&#8243;][vc_empty_space height=&#8221;20px&#8221;][vc_column_text] Brojila odgovaraju evropskim standardima EN 50470-1 i EN 50470-3, kao i me\u0111unarodnim standardima IEC 62052-11 i IEC 62053-21, a projektovana su i proizvedena u skladu [&hellip;]<\/p>\n","protected":false},"author":1,"featured_media":0,"parent":0,"menu_order":0,"comment_status":"closed","ping_status":"closed","template":"no-footer.php","meta":[],"_links":{"self":[{"href":"https:\/\/www.sitel.co.rs\/sr\/wp-json\/wp\/v2\/pages\/15004"}],"collection":[{"href":"https:\/\/www.sitel.co.rs\/sr\/wp-json\/wp\/v2\/pages"}],"about":[{"href":"https:\/\/www.sitel.co.rs\/sr\/wp-json\/wp\/v2\/types\/page"}],"author":[{"embeddable":true,"href":"https:\/\/www.sitel.co.rs\/sr\/wp-json\/wp\/v2\/users\/1"}],"replies":[{"embeddable":true,"href":"https:\/\/www.sitel.co.rs\/sr\/wp-json\/wp\/v2\/comments?post=15004"}],"version-history":[{"count":29,"href":"https:\/\/www.sitel.co.rs\/sr\/wp-json\/wp\/v2\/pages\/15004\/revisions"}],"predecessor-version":[{"id":15980,"href":"https:\/\/www.sitel.co.rs\/sr\/wp-json\/wp\/v2\/pages\/15004\/revisions\/15980"}],"wp:attachment":[{"href":"https:\/\/www.sitel.co.rs\/sr\/wp-json\/wp\/v2\/media?parent=15004"}],"curies":[{"name":"wp","href":"https:\/\/api.w.org\/{rel}","templated":true}]}}