{"id":15009,"date":"2020-07-15T00:25:33","date_gmt":"2020-07-14T22:25:33","guid":{"rendered":"https:\/\/www.mikroelektronika.net\/about-us\/"},"modified":"2024-03-19T13:16:19","modified_gmt":"2024-03-19T12:16:19","slug":"o-nama","status":"publish","type":"page","link":"https:\/\/www.sitel.co.rs\/sr\/o-nama\/","title":{"rendered":"O nama"},"content":{"rendered":"<div class=\"wpb-content-wrapper\"><p>[vc_row][vc_column][vc_empty_space height=&#8221;90px&#8221;][vc_column_text]<\/p>\n<h2 style=\"text-align: center;\">O kompaniji SITEL<\/h2>\n<p style=\"text-align: center;\"><a href=\"#reffilm\">Pogledajte korporativni film<\/a><\/p>\n<p>[\/vc_column_text][vc_column_text]Kompanija Sitel d.o.o. osnovana je 2000.g. kao proizvodno preduze\u0107e sa osnovnim programom proizvodnje opreme za elektrodistributivna preduze\u0107a-proizvodnja elektronskih mernih uredjaja u elektroenergetici.<\/p>\n<p>Preduze\u0107e realizuje prozvodnju za potrebe doma\u0107eg i me\u0111unarodnih tr\u017ei\u0161ta na osnovu tehni\u010dko tehnolo\u0161kog re\u0161enja <a href=\"http:\/\/www.mikroelektronika.net\" target=\"_blank\" rel=\"noopener\">MIKROELEKTRONIKA AD<\/a> iz Banja Luke koja je i ve\u0107inski vlasnik i osniva\u010d SITEL doo.<\/p>\n<p>Proizvodni program trenutno \u010dine slede\u0107i proizvodi:<br \/>\n&#8211; monofazna i trofazna elektronska multifunkcionalna brojila elektri\u010dne energije<br \/>\n&#8211; uklopni \u010dasovnici za upravljanje tarifom kod brojila el. energije<br \/>\n&#8211; sistemi za daljinsko o\u010ditavanje i upravljanje potro\u0161njom elektri\u010dne energije (AMR sistemi)<br \/>\n&#8211; sistemi za pode\u0161avanje i verifkaciju brojila elektri\u010dne energije<br \/>\n&#8211; sistemi za pode\u0161avanje i verifikaciju uklopnih \u010dasovnika<br \/>\n&#8211; modemi za daljinski nadzor trafo stanica<\/p>\n<p>Preduze\u0107e Sitel doo obavlja sve aktivnosti prema dokumentovanim postupcima i u skladu sa zahtevima standarda ISO 9001, ISO\/IEC 27001, ISO 45001, ISO\/IEC 17020, ISO 14001 i zahtevima MID direktive (Directive 2014\/32\/EU on Measuring Instruments).<\/p>\n<p>U saradnji sa mati\u010dnom kompanijom Mikroelektronika a.d. Banja Luka konstantno se radi na uvo\u0111enju najnovijih standarda i idejnih re\u0161enja za kompletan proizvodni program.<\/p>\n<p>Plan razvoja podrazumeva otvaranje novih poslovnih horizonata na me\u0111unarodnim tr\u017ei\u0161tima.<\/p>\n<p>Direkcija Sitel doo nalazi se u Beogradu, ul. Stevana Brakusa 6, a proizvodni pogon, servis i kontrolno telo u Novom Sadu ul. Veselina Masle\u0161e 30A.<\/p>\n<p>Kompanija Sitel plasira svoje proizvode privrednim dru\u0161tvima koja posluju u okviru Elektroprivrede Srbije i sara\u0111uje sa trgovinskim i gra\u0111evinskim kompanijama.[\/vc_column_text][\/vc_column][vc_column el_id=&#8221;reffilm&#8221;][vc_empty_space height=&#8221;20px&#8221;][vc_column_text]<\/p>\n<h4 style=\"text-align: center;\"><strong>Korporativni film<\/strong><\/h4>\n<p>[\/vc_column_text][vc_video link=&#8221;https:\/\/www.youtube.com\/watch?v=Q9IIjfztpRI&#8221; align=&#8221;center&#8221;][\/vc_column][\/vc_row][vc_row disable_element=&#8221;yes&#8221;][vc_column][vc_tta_tabs][vc_tta_section title=&#8221;Reference kompanije Sitel&#8221; tab_id=&#8221;1630535139418-df15cdbf-9d0f&#8221;][vc_column_text]<strong>ELEKTROVOJVODINA DOO NOVI SAD<\/strong><\/p>\n<p>Plasman sistema za daljinsko o\u010ditavanje i upravljane potro\u0161njom el. energije,<br \/>\nplasman trofaznih elektronskih brojila elektri\u010dne energije<\/p>\n<p><strong>PD JUGOISTOK DOO NI\u0160 OGRANAK ELEKTROTIMOK ZAJE\u010cAR<\/strong><\/p>\n<p>Plasman sistema za daljinsko o\u010ditavanje i upravljane potro\u0161njom el. energije<br \/>\nsistema za automatsko pode\u0161avnje i verifikaciju brojila el. energije i uklopni \u010dasovnika<\/p>\n<p><strong>PD JUGOISTOK DOO NI\u0160 OGRANAK ELEKTRODISTRIBUCIJA LESKOVAC<\/strong><\/p>\n<p>Plasman trofaznih brojila el. energije<\/p>\n<p><strong>PD ELEKTROSRBIJA DOO KRALJEVO ELEKTRODISTRIBUCIJA U\u017dICE<\/strong><\/p>\n<p>Plasman trofaznih brojila el. energije<\/p>\n<p><strong>PD ELEKTROSRBIJA DOO ELEKTRODISTRIBUCIJA LAZAREVAC<\/strong><\/p>\n<p>Plasman trofaznih i monofaznih brojila el. energije i uklopnih \u010dasovnika<\/p>\n<p><strong>PD JUGOISTOK DOO NI\u0160 ELEKTRODISTRIBUCIJA VRANJE<\/strong><\/p>\n<p>Plasman multifunkcionalnih brojila el. energije<\/p>\n<p><strong>PD ELEKTROVOJVODINA DOO ELEKTRODISRIBUCIJA RUMA<\/strong><\/p>\n<p>Plasman trofaznih brojila e. energije iuklopnih \u010dasovnika<\/p>\n<p><strong>PD ZA DISTRIBUCIJU EL. ENERGIJE CENTAR DOO KRAGUJEVAC<\/strong><\/p>\n<p>Plasman trofaznih i monofaznih brojila el. energije i uklopnih \u010dasovnika<\/p>\n<p><strong>PD ZA DISTRIBUCIJU ELEKTRI\u010cNE ENERGIJE CENTAR DOO KRAGUJEVAC ELEKTRODISTRIBUCIJA PO\u017dAREVAC<\/strong><\/p>\n<p>Plasman sistema za automatsku proveru i verifikaciju uklopnih \u010dasovnika[\/vc_column_text][\/vc_tta_section][vc_tta_section title=&#8221;Referentna lista privrednih dru\u0161tava&#8221; tab_id=&#8221;1630535139448-ce6018e7-4f05&#8243;][vc_column_text]<\/p>\n<p style=\"text-align: center;\">ELEKTROPRIVREDA SRBIJE<br \/>\nBeograd<br \/>\n&#8211;<br \/>\nAMI COMPANY<br \/>\nNovi Sad<br \/>\n&#8211;<br \/>\nAMPER<br \/>\nVranje<br \/>\n&#8211;<br \/>\nBEOGRADELEKTRO<br \/>\nBeograd<br \/>\n&#8211;<br \/>\nBLUE LINE DOO<br \/>\nBeograd<br \/>\n&#8211;<br \/>\nGEMAX<br \/>\nBeograd<br \/>\n&#8211;<br \/>\nGRAMPER<br \/>\nBeograd<br \/>\n&#8211;<br \/>\nELEKTROKOM<br \/>\nBeograd<br \/>\n&#8211;<br \/>\nELEKTROTEHNA<br \/>\nNovi Sad<br \/>\n&#8211;<br \/>\nELETEL TRGOVINA<br \/>\nNovi Sad<br \/>\n&#8211;<br \/>\nELNOS AD<br \/>\nNovi Sad<br \/>\n&#8211;<br \/>\nENERGOPROJEKT<br \/>\nBeograd<br \/>\n&#8211;<br \/>\nENERGOTEHNIKA-JU\u017dNA BA\u010cKA<br \/>\nNovi Sad<br \/>\n&#8211;<br \/>\nINTERPAN DOO<br \/>\nBeograd<br \/>\n&#8211;<br \/>\nJUGOELEKTRO<br \/>\nJagodina<br \/>\n&#8211;<br \/>\nMATKOVI\u0106 DOO<br \/>\nNovi Sad<br \/>\n&#8211;<br \/>\nNAPRED<br \/>\nBeograd<br \/>\n&#8211;<br \/>\nOMNI ELEKTRO<br \/>\nNovi Sad<br \/>\n&#8211;<br \/>\nPROMONT COMMERCE<br \/>\nNi\u0161<br \/>\n&#8211;<br \/>\nSOMBORELEKTRO DOO<br \/>\nSombor<br \/>\n&#8211;<br \/>\nTEHNIKA VR\u0160AC<br \/>\nVr\u0161ac<br \/>\n&#8211;<br \/>\nUNIPROM<br \/>\nBeograd<br \/>\n&#8211;<br \/>\nCINI<br \/>\n\u010ca\u010dak<\/p>\n<p>[\/vc_column_text][\/vc_tta_section][\/vc_tta_tabs][\/vc_column][\/vc_row]<\/p>\n<\/div>","protected":false},"excerpt":{"rendered":"<p>[vc_row][vc_column][vc_empty_space height=&#8221;90px&#8221;][vc_column_text] O kompaniji SITEL Pogledajte korporativni film [\/vc_column_text][vc_column_text]Kompanija Sitel d.o.o. osnovana je 2000.g. kao proizvodno preduze\u0107e sa osnovnim programom proizvodnje opreme za elektrodistributivna preduze\u0107a-proizvodnja elektronskih mernih uredjaja u elektroenergetici. [&hellip;]<\/p>\n","protected":false},"author":2,"featured_media":0,"parent":0,"menu_order":0,"comment_status":"closed","ping_status":"closed","template":"","meta":[],"_links":{"self":[{"href":"https:\/\/www.sitel.co.rs\/sr\/wp-json\/wp\/v2\/pages\/15009"}],"collection":[{"href":"https:\/\/www.sitel.co.rs\/sr\/wp-json\/wp\/v2\/pages"}],"about":[{"href":"https:\/\/www.sitel.co.rs\/sr\/wp-json\/wp\/v2\/types\/page"}],"author":[{"embeddable":true,"href":"https:\/\/www.sitel.co.rs\/sr\/wp-json\/wp\/v2\/users\/2"}],"replies":[{"embeddable":true,"href":"https:\/\/www.sitel.co.rs\/sr\/wp-json\/wp\/v2\/comments?post=15009"}],"version-history":[{"count":35,"href":"https:\/\/www.sitel.co.rs\/sr\/wp-json\/wp\/v2\/pages\/15009\/revisions"}],"predecessor-version":[{"id":15899,"href":"https:\/\/www.sitel.co.rs\/sr\/wp-json\/wp\/v2\/pages\/15009\/revisions\/15899"}],"wp:attachment":[{"href":"https:\/\/www.sitel.co.rs\/sr\/wp-json\/wp\/v2\/media?parent=15009"}],"curies":[{"name":"wp","href":"https:\/\/api.w.org\/{rel}","templated":true}]}}