{"id":15051,"date":"2020-07-15T00:36:13","date_gmt":"2020-07-14T22:36:13","guid":{"rendered":"https:\/\/www.mikroelektronika.net\/mission-vision\/"},"modified":"2020-07-15T01:55:08","modified_gmt":"2020-07-14T23:55:08","slug":"misija-i-vizija","status":"publish","type":"page","link":"https:\/\/www.sitel.co.rs\/sr\/misija-i-vizija\/","title":{"rendered":"Misija i vizija"},"content":{"rendered":"<div class=\"wpb-content-wrapper\"><p>[vc_row][vc_column][vc_empty_space height=&#8221;90px&#8221;][vc_column_text]<\/p>\n<h3 style=\"text-align: center;\"><strong>MISIJA, VIZIJA I VRIJEDNOSTI<\/strong><\/h3>\n<p>Vizija: Potpuna kontrola nad upravljanjem potro\u0161njom elektri\u010dne energije i mogu\u0107nost prilago\u0111avanja potrebama svih korisnika u cilju ispunjenja energetskih zahteva.<\/p>\n<p>Misija: Ponuda visoko kvalitetnih proizvoda i prilago\u0111enih rje\u0161enja dizajniranih u skladu sa potrebama korisnika uz upotrebu vrhunske tehnologije u oblasti potro\u0161nje elektri\u010dne energije<\/p>\n<p>Vrijednosti:<br \/>\n\u2022 Kvalitet proizvoda &#8211; kako bi se osigurala maksimalna vrijednost i puozdanost za sve korisnike<br \/>\n\u2022 Inovacija \u2013 konstatan rad na unapre\u0111enju proizvoda i kompanije.<br \/>\n\u2022 Fleksibilnost re\u0161enja &#8211; razvoj i dono\u0161enje re\u0161enja u skladu sa stvarnim i specifi\u010dnim potrebama i zahtevima korisnika.<br \/>\n\u2022 Timski rad &#8211; podr\u017eavaju\u0107i i vrednuju\u0107i na\u0161e razlike, odanost radnika i entuzijazam u radu sa ciljem zadovoljenja potreba svakog korisnika.<br \/>\n\u2022 Orijentisani na rezultate \u2013 Doprinos svakog \u010dlana tima op\u0161tem uspehu kompanije kroz stalno usavr\u0161avanje i po\u0161tovanje svih principa kvaliteta proizvodnje.<br \/>\n\u2022 Partnerstvo sa korisnicima &#8211; zasnovano na prijateljskim odnosima i dugoro\u010dnoj saradnji kroz me\u0111usobnu interakciju na konstantnom unapre\u0111enju proizvoda i usluga.<br \/>\n\u2022 Ljubaznost &#8211; pru\u017eanje kvalitetne usluge i ukazivanje po\u0161tovanja svim korisnicima na\u0161ih proizvoda i usluga.[\/vc_column_text][\/vc_column][\/vc_row]<\/p>\n<\/div>","protected":false},"excerpt":{"rendered":"<p>[vc_row][vc_column][vc_empty_space height=&#8221;90px&#8221;][vc_column_text] MISIJA, VIZIJA I VRIJEDNOSTI Vizija: Potpuna kontrola nad upravljanjem potro\u0161njom elektri\u010dne energije i mogu\u0107nost prilago\u0111avanja potrebama svih korisnika u cilju ispunjenja energetskih zahteva. Misija: Ponuda visoko kvalitetnih proizvoda [&hellip;]<\/p>\n","protected":false},"author":2,"featured_media":0,"parent":0,"menu_order":0,"comment_status":"closed","ping_status":"closed","template":"no-footer.php","meta":[],"_links":{"self":[{"href":"https:\/\/www.sitel.co.rs\/sr\/wp-json\/wp\/v2\/pages\/15051"}],"collection":[{"href":"https:\/\/www.sitel.co.rs\/sr\/wp-json\/wp\/v2\/pages"}],"about":[{"href":"https:\/\/www.sitel.co.rs\/sr\/wp-json\/wp\/v2\/types\/page"}],"author":[{"embeddable":true,"href":"https:\/\/www.sitel.co.rs\/sr\/wp-json\/wp\/v2\/users\/2"}],"replies":[{"embeddable":true,"href":"https:\/\/www.sitel.co.rs\/sr\/wp-json\/wp\/v2\/comments?post=15051"}],"version-history":[{"count":6,"href":"https:\/\/www.sitel.co.rs\/sr\/wp-json\/wp\/v2\/pages\/15051\/revisions"}],"predecessor-version":[{"id":15150,"href":"https:\/\/www.sitel.co.rs\/sr\/wp-json\/wp\/v2\/pages\/15051\/revisions\/15150"}],"wp:attachment":[{"href":"https:\/\/www.sitel.co.rs\/sr\/wp-json\/wp\/v2\/media?parent=15051"}],"curies":[{"name":"wp","href":"https:\/\/api.w.org\/{rel}","templated":true}]}}