{"id":15240,"date":"2021-08-10T15:23:51","date_gmt":"2021-08-10T13:23:51","guid":{"rendered":"https:\/\/www.sitel.co.rs\/?page_id=15240"},"modified":"2025-02-27T20:57:00","modified_gmt":"2025-02-27T19:57:00","slug":"kontrolno-telo","status":"publish","type":"page","link":"https:\/\/www.sitel.co.rs\/sr\/kontrolno-telo\/","title":{"rendered":"Kontrolno telo"},"content":{"rendered":"<div class=\"wpb-content-wrapper\"><p>[vc_row full_width=&#8221;stretch_row_content&#8221; el_class=&#8221;aligncenter&#8221;][vc_column width=&#8221;1\/3&#8243;][\/vc_column][vc_column width=&#8221;1\/3&#8243;][vc_empty_space height=&#8221;90px&#8221;][vc_column_text]<\/p>\n<h2 style=\"text-align: center;\">Kontrolno telo<\/h2>\n<p>[\/vc_column_text][vc_images_carousel images=&#8221;15258,15260,15262,15264,15266,15256,15242,15244,15246,15248,15250,15252,15254&#8243; img_size=&#8221;700&#215;350&#8243; speed=&#8221;2500&#8243; autoplay=&#8221;yes&#8221; wrap=&#8221;yes&#8221; el_class=&#8221;aligncenter&#8221;][\/vc_column][vc_column width=&#8221;1\/3&#8243;][\/vc_column][\/vc_row][vc_row][vc_column][vc_column_text]Kontrolno telo Sitel doo je akreditovano telo za ispitivanje i kontrolisanje sa akreditacionim brojem 06-102 dobijenim od Akreditacionog tela Srbije u skladu sa standardom SRPS ISO\/IEC 17020:2012 kao kontrolna organizacija tipa C. Prvi sertifikat je dobijen 15.03.2012.g.<\/p>\n<p>Re\u0161enjem Ministarstva ekonomije i regionalnog razvoja broj 021-03-61\/2012-08 od 11.05.2012.g., Sitel doo je ovla\u0161\u0107eno telo za obavljanje poslova overavanja elektronskih brojila aktivne i reaktivne elektri\u010dne energije &#8211; jednofaznih i vi\u0161efaznih sa indirektnim, poluindirektnim i direktnim priklju\u010denjem.<\/p>\n<p>Ovla\u0161\u0107enje se odnosi na poslove overavanja:<br \/>\n&#8211; Elektronskih (stati\u010dkih) brojila aktivne elektri\u010dne energije klase 0,2S i 0,5S<br \/>\n&#8211; Elektronskih (stati\u010dkih) brojila aktivne elektri\u010dne energije klase ta\u010dnosti 1 i 2<br \/>\n&#8211; Elektronskih (stati\u010dkih) brojila reaktivne elektri\u010dne energije klase ta\u010dnosti 2 i 3<\/p>\n<p><a href=\"https:\/\/sitel.co.rs\/pdf\/Re\u0161enje_o_ovla\u0161\u0107enju_do_2027.pdf\" target=\"_blank\" rel=\"noopener\">Re\u0161enje o ovla\u0161\u0107enju<\/a> (Download &#8211; PDF 460 KB)<br \/>\n<a href=\"https:\/\/sitel.co.rs\/pdf\/Re\u0161enje_o_ovla\u0161\u0107enju_do_2027-1.pdf\" target=\"_blank\" rel=\"noopener\">Re\u0161enje o ovla\u0161\u0107enju &#8211; izmena<\/a> (Download &#8211; PDF 290 KB)<br \/>\n<a href=\"https:\/\/sitel.co.rs\/pdf\/Sertifikat_o_akreditaciji.pdf\" target=\"_blank\" rel=\"noopener\">Sertifikat o akreditaciji<\/a> (Download &#8211; PDF 476 KB)<br \/>\n<a href=\"https:\/\/www.sitel.co.rs\/wp-content\/uploads\/2023\/02\/D74-Zahtev-za-overavanje-prvoredovno.pdf\" target=\"_blank\" rel=\"noopener\">Zahtev za overavanje &#8211; prvo, redovno<\/a> (Download &#8211; PDF 170 KB)<br \/>\n<a href=\"https:\/\/www.sitel.co.rs\/wp-content\/uploads\/2023\/02\/D75-Zahtev-za-overavanje-vanredno.pdf\" target=\"_blank\" rel=\"noopener\">Zahtev za overavanje &#8211; vanredno<\/a> (Download &#8211; PDF 143 KB)<br \/>\n<a href=\"https:\/\/sitel.co.rs\/pdf\/uslovi_poslovanja.pdf\" target=\"_blank\" rel=\"noopener\">Uslovi poslovanja<\/a> (Download &#8211; PDF 78,37 KB)<br \/>\n<a href=\"https:\/\/sitel.co.rs\/pdf\/prigovor.pdf\" target=\"_blank\" rel=\"noopener\">Prigovor \/ \u017dalba<\/a> (Download &#8211; PDF 55,52 KB)<br \/>\n<a href=\"https:\/\/sitel.co.rs\/pdf\/Izjava o politici kvaliteta KT.pdf\" target=\"_blank\" rel=\"noopener\">Politika kvaliteta KT<\/a> (Download &#8211; PDF 74 KB)[\/vc_column_text][\/vc_column][\/vc_row]<\/p>\n<\/div>","protected":false},"excerpt":{"rendered":"<p>[vc_row full_width=&#8221;stretch_row_content&#8221; el_class=&#8221;aligncenter&#8221;][vc_column width=&#8221;1\/3&#8243;][\/vc_column][vc_column width=&#8221;1\/3&#8243;][vc_empty_space height=&#8221;90px&#8221;][vc_column_text] Kontrolno telo [\/vc_column_text][vc_images_carousel images=&#8221;15258,15260,15262,15264,15266,15256,15242,15244,15246,15248,15250,15252,15254&#8243; img_size=&#8221;700&#215;350&#8243; speed=&#8221;2500&#8243; autoplay=&#8221;yes&#8221; wrap=&#8221;yes&#8221; el_class=&#8221;aligncenter&#8221;][\/vc_column][vc_column width=&#8221;1\/3&#8243;][\/vc_column][\/vc_row][vc_row][vc_column][vc_column_text]Kontrolno telo Sitel doo je akreditovano telo za ispitivanje i kontrolisanje sa akreditacionim brojem 06-102 [&hellip;]<\/p>\n","protected":false},"author":1,"featured_media":0,"parent":0,"menu_order":0,"comment_status":"closed","ping_status":"closed","template":"","meta":[],"_links":{"self":[{"href":"https:\/\/www.sitel.co.rs\/sr\/wp-json\/wp\/v2\/pages\/15240"}],"collection":[{"href":"https:\/\/www.sitel.co.rs\/sr\/wp-json\/wp\/v2\/pages"}],"about":[{"href":"https:\/\/www.sitel.co.rs\/sr\/wp-json\/wp\/v2\/types\/page"}],"author":[{"embeddable":true,"href":"https:\/\/www.sitel.co.rs\/sr\/wp-json\/wp\/v2\/users\/1"}],"replies":[{"embeddable":true,"href":"https:\/\/www.sitel.co.rs\/sr\/wp-json\/wp\/v2\/comments?post=15240"}],"version-history":[{"count":16,"href":"https:\/\/www.sitel.co.rs\/sr\/wp-json\/wp\/v2\/pages\/15240\/revisions"}],"predecessor-version":[{"id":15986,"href":"https:\/\/www.sitel.co.rs\/sr\/wp-json\/wp\/v2\/pages\/15240\/revisions\/15986"}],"wp:attachment":[{"href":"https:\/\/www.sitel.co.rs\/sr\/wp-json\/wp\/v2\/media?parent=15240"}],"curies":[{"name":"wp","href":"https:\/\/api.w.org\/{rel}","templated":true}]}}