{"id":15950,"date":"2024-09-14T23:35:21","date_gmt":"2024-09-14T21:35:21","guid":{"rendered":"https:\/\/www.sitel.co.rs\/?page_id=15950"},"modified":"2024-09-14T23:35:21","modified_gmt":"2024-09-14T21:35:21","slug":"merne-grupe-za-prosumere","status":"publish","type":"page","link":"https:\/\/www.sitel.co.rs\/sr\/merne-grupe-za-prosumere\/","title":{"rendered":"Merne grupe za prosumere"},"content":{"rendered":"<div class=\"wpb-content-wrapper\"><p>[vc_row][vc_column][vc_empty_space height=&#8221;90px&#8221;][vc_row_inner][vc_column_inner width=&#8221;4\/6&#8243;][vc_column_text]<\/p>\n<div class=\"wpb_text_column wpb_content_element \">\n<div class=\"wpb_wrapper\">\n<h1>Merne grupe za prosumere<\/h1>\n<\/div>\n<\/div>\n<p>[\/vc_column_text][vc_column_text]Brojila elektri\u010dne energije posebno prilago\u0111ena za korisnike solarnih panela, vetroparkova, malih hidroelektrana i sli\u010dno.[\/vc_column_text]<div id='ins-button-69f20d0d03997' class='ins-button-wrapper text-left 40px  '><a class='ins-button title-font letter-spacing-1 text-white pc-border pc-bg btn-square font-weight-400 btn-medium text-uppercase ' href='https:\/\/www.sitel.co.rs\/pdf\/MET6xx_brosura-direktno.pdf'  target='_blank'><span>Preuzmite tehni\u010dku bro\u0161uru (PDF)<\/span><i class='ins-button-icon fa fa-download'><\/i><\/a><\/div><script type=\"text\/javascript\">\n\t\t(function(jQuery) {jQuery(\"head\").append(\"<style>#ins-button-69f20d0d03997 .ins-button {color: #212121;}#ins-button-69f20d0d03997 .ins-button:hover {color: #ffffff;}#ins-button-69f20d0d03997 .ins-button {background-color: #f2f2f2;}#ins-button-69f20d0d03997 .ins-button:hover {background-color: #212121;}#ins-button-69f20d0d03997 .ins-button {border-color: #f5f5f5;}#ins-button-69f20d0d03997 .ins-button:hover {border-color: #f5f5f5;}#ins-button-69f20d0d03997.ins-button-wrapper {margin-top: 40px;}<\/style>\")\n\t\t\t\t\t})(jQuery);\n\t\t\t\t\t\t<\/script><div id='ins-button-69f20d0d039e6' class='ins-button-wrapper text-left 20px  '><a class='ins-button title-font letter-spacing-1 text-white pc-border pc-bg btn-square font-weight-400 btn-medium text-uppercase ' href='https:\/\/www.sitel.co.rs\/pdf\/Sitel - Trofazno brojilo - Uverenje sertifikat o odborenju tipa proizvodjaca Mikroelektronika.pdf'  target='_blank'><span>Preuzmite odobrenje tipa (PDF)<\/span><i class='ins-button-icon fa fa-download'><\/i><\/a><\/div><script type=\"text\/javascript\">\n\t\t(function(jQuery) {jQuery(\"head\").append(\"<style>#ins-button-69f20d0d039e6 .ins-button {color: #212121;}#ins-button-69f20d0d039e6 .ins-button:hover {color: #ffffff;}#ins-button-69f20d0d039e6 .ins-button {background-color: #f2f2f2;}#ins-button-69f20d0d039e6 .ins-button:hover {background-color: #212121;}#ins-button-69f20d0d039e6 .ins-button {border-color: #f5f5f5;}#ins-button-69f20d0d039e6 .ins-button:hover {border-color: #f5f5f5;}#ins-button-69f20d0d039e6.ins-button-wrapper {margin-top: 20px;}<\/style>\")\n\t\t\t\t\t})(jQuery);\n\t\t\t\t\t\t<\/script><div id='ins-button-69f20d0d03a23' class='ins-button-wrapper text-left 20px  '><a class='ins-button title-font letter-spacing-1 text-white pc-border pc-bg btn-square font-weight-400 btn-medium text-uppercase ' href='https:\/\/www.sitel.co.rs\/pdf\/Sitel - Trofazno brojilo - DLMS sertifikat za trofazno brojilo sa prevodom za proizvodjaca Mikrolelktroniku.pdf'  target='_blank'><span>Preuzmite DLMS sertifikat (PDF)<\/span><i class='ins-button-icon fa fa-download'><\/i><\/a><\/div><script type=\"text\/javascript\">\n\t\t(function(jQuery) {jQuery(\"head\").append(\"<style>#ins-button-69f20d0d03a23 .ins-button {color: #212121;}#ins-button-69f20d0d03a23 .ins-button:hover {color: #ffffff;}#ins-button-69f20d0d03a23 .ins-button {background-color: #f2f2f2;}#ins-button-69f20d0d03a23 .ins-button:hover {background-color: #212121;}#ins-button-69f20d0d03a23 .ins-button {border-color: #f5f5f5;}#ins-button-69f20d0d03a23 .ins-button:hover {border-color: #f5f5f5;}#ins-button-69f20d0d03a23.ins-button-wrapper {margin-top: 20px;}<\/style>\")\n\t\t\t\t\t})(jQuery);\n\t\t\t\t\t\t<\/script><div id='ins-button-69f20d0d03a57' class='ins-button-wrapper text-left 20px  '><a class='ins-button title-font letter-spacing-1 text-white pc-border pc-bg btn-square font-weight-400 btn-medium text-uppercase ' href='https:\/\/www.sitel.co.rs\/wp-content\/uploads\/2021\/11\/MET6xx-direct-EU-Desing-Examination-Certificate.pdf'  target='_blank'><span>Preuzmite EU Design Examination Sertifikat (PDF)<\/span><i class='ins-button-icon fa fa-download'><\/i><\/a><\/div><script type=\"text\/javascript\">\n\t\t(function(jQuery) {jQuery(\"head\").append(\"<style>#ins-button-69f20d0d03a57 .ins-button {color: #212121;}#ins-button-69f20d0d03a57 .ins-button:hover {color: #ffffff;}#ins-button-69f20d0d03a57 .ins-button {background-color: #f2f2f2;}#ins-button-69f20d0d03a57 .ins-button:hover {background-color: #212121;}#ins-button-69f20d0d03a57 .ins-button {border-color: #f5f5f5;}#ins-button-69f20d0d03a57 .ins-button:hover {border-color: #f5f5f5;}#ins-button-69f20d0d03a57.ins-button-wrapper {margin-top: 20px;}<\/style>\")\n\t\t\t\t\t})(jQuery);\n\t\t\t\t\t\t<\/script>[vc_empty_space height=&#8221;20px&#8221;][\/vc_column_inner][vc_column_inner width=&#8221;2\/6&#8243; css=&#8221;.vc_custom_1566133510334{padding-left: 30px !important;}&#8221;][vc_single_image image=&#8221;15384&#8243; img_size=&#8221;220&#215;189&#8243; css=&#8221;.vc_custom_1632498494843{padding-left: 30px !important;}&#8221;][vc_single_image image=&#8221;15376&#8243; img_size=&#8221;medium&#8221;][\/vc_column_inner][\/vc_row_inner][vc_empty_space height=&#8221;30px&#8221;][\/vc_column][\/vc_row][vc_row full_width=&#8221;stretch_row_content_no_spaces&#8221;][vc_column][vc_row_inner equal_height=&#8221;yes&#8221;][vc_column_inner width=&#8221;1\/2&#8243; css=&#8221;.vc_custom_1566138991464{background-image: url(https:\/\/www.sitel.co.rs\/wp-content\/uploads\/2021\/09\/met600d.jpg?id=15388) !important;background-position: center !important;background-repeat: no-repeat !important;background-size: cover !important;}&#8221;][vc_empty_space height=&#8221;300px&#8221;][\/vc_column_inner][vc_column_inner width=&#8221;1\/2&#8243; css=&#8221;.vc_custom_1553647245203{padding-top: 20% !important;padding-right: 15% !important;padding-bottom: 20% !important;padding-left: 15% !important;background-color: #f2f2f2 !important;}&#8221;][vc_icon icon_fontawesome=&#8221;fa fa-check-circle&#8221; color=&#8221;green&#8221; size=&#8221;xl&#8221; align=&#8221;center&#8221;][vc_column_text]<\/p>\n<h5 style=\"text-align: center;\">Brojila odgovaraju evropskim standardima EN 50470-1 i EN 50470-3, kao i me\u0111unarodnim standardima IEC 62052-11 i IEC 62053-21, a projektovana su i proizvedena u skladu sa ISO 9001 standardom. Brojila aktivne i reaktivne elektri\u010dne energije, pored specifi\u010dnih standarda, ispunjavaju i zahteve me\u0111unarodnog standarda IEC62053-23.<\/h5>\n<p>[\/vc_column_text][\/vc_column_inner][\/vc_row_inner][vc_empty_space height=&#8221;70px&#8221;][\/vc_column][\/vc_row][vc_row][vc_column width=&#8221;1\/2&#8243;][vc_row_inner][vc_column_inner width=&#8221;1\/3&#8243;][vc_single_image image=&#8221;15397&#8243; img_size=&#8221;full&#8221; alignment=&#8221;right&#8221;][\/vc_column_inner][vc_column_inner width=&#8221;2\/3&#8243;][vc_column_text css=&#8221;.vc_custom_1632480681997{padding-right: 30px !important;}&#8221;]Aktivna ili aktivna i reaktivna energija, prividna energija.[\/vc_column_text][\/vc_column_inner][\/vc_row_inner][vc_row_inner][vc_column_inner width=&#8221;1\/3&#8243;][vc_single_image image=&#8221;14819&#8243; img_size=&#8221;full&#8221; alignment=&#8221;right&#8221;][\/vc_column_inner][vc_column_inner width=&#8221;2\/3&#8243;][vc_column_text css=&#8221;.vc_custom_1603150368092{padding-right: 30px !important;}&#8221;]Maksimalna snaga, period integracije od 1 do 60 min.[\/vc_column_text][\/vc_column_inner][\/vc_row_inner][vc_row_inner][vc_column_inner width=&#8221;1\/3&#8243;][vc_single_image image=&#8221;14821&#8243; img_size=&#8221;full&#8221; alignment=&#8221;right&#8221;][\/vc_column_inner][vc_column_inner width=&#8221;2\/3&#8243;][vc_column_text css=&#8221;.vc_custom_1629055593000{padding-right: 30px !important;}&#8221;]Merenje energije u jednom ili dva smera ili apsolutno merenje.<br \/>\n(+ A, + R; -A, -R; | A |, | R |), opciono prema kvadrantima (R1, R2, R3, R4).[\/vc_column_text][\/vc_column_inner][\/vc_row_inner][vc_row_inner][vc_column_inner width=&#8221;1\/3&#8243;][vc_single_image image=&#8221;14823&#8243; img_size=&#8221;full&#8221; alignment=&#8221;right&#8221;][\/vc_column_inner][vc_column_inner width=&#8221;2\/3&#8243;][vc_column_text css=&#8221;.vc_custom_1603150392671{padding-right: 30px !important;}&#8221;]Interna vi\u0161etarifna registracija ili eksterno upravljanje putem tarifnih ulaza \/ izlaza.[\/vc_column_text][\/vc_column_inner][\/vc_row_inner][vc_row_inner][vc_column_inner width=&#8221;1\/3&#8243;][vc_single_image image=&#8221;14825&#8243; img_size=&#8221;full&#8221; alignment=&#8221;right&#8221;][\/vc_column_inner][vc_column_inner width=&#8221;2\/3&#8243;][vc_column_text css=&#8221;.vc_custom_1629055627793{padding-right: 30px !important;}&#8221;]Interni broja\u010d u realnom vremenu sa DST-om (omoguc\u0301eno je letnje ra\u010dunanje vremena).<br \/>\nRezervna Li-Ion baterija, opcioni super-kondenzator.[\/vc_column_text][\/vc_column_inner][\/vc_row_inner][vc_row_inner][vc_column_inner width=&#8221;1\/3&#8243;][vc_single_image image=&#8221;14827&#8243; img_size=&#8221;full&#8221; alignment=&#8221;right&#8221;][\/vc_column_inner][vc_column_inner width=&#8221;2\/3&#8243;][vc_column_text css=&#8221;.vc_custom_1629055637379{padding-right: 30px !important;}&#8221;]Vremenski profili za merenje podataka (do 6 kanala).[\/vc_column_text][\/vc_column_inner][\/vc_row_inner][vc_row_inner][vc_column_inner width=&#8221;1\/3&#8243;][vc_single_image image=&#8221;14829&#8243; img_size=&#8221;full&#8221; alignment=&#8221;right&#8221;][\/vc_column_inner][vc_column_inner width=&#8221;2\/3&#8243;][vc_column_text css=&#8221;.vc_custom_1629055646453{padding-right: 30px !important;}&#8221;]Merenje faznog napona, struje i faktora snage.[\/vc_column_text][\/vc_column_inner][\/vc_row_inner][vc_row_inner][vc_column_inner width=&#8221;1\/3&#8243;][vc_single_image image=&#8221;14831&#8243; img_size=&#8221;full&#8221; alignment=&#8221;right&#8221;][\/vc_column_inner][vc_column_inner width=&#8221;2\/3&#8243;][vc_column_text css=&#8221;.vc_custom_1603150458667{padding-right: 30px !important;}&#8221;]RS485 komunikacijski interfejs.[\/vc_column_text][\/vc_column_inner][\/vc_row_inner][vc_row_inner][vc_column_inner width=&#8221;1\/3&#8243;][vc_single_image image=&#8221;15399&#8243; img_size=&#8221;full&#8221; alignment=&#8221;right&#8221;][\/vc_column_inner][vc_column_inner width=&#8221;2\/3&#8243;][vc_column_text css=&#8221;.vc_custom_1632480750432{padding-right: 30px !important;}&#8221;]Za trofazne \u010detvero\u017ei\u010dne mre\u017ee.[\/vc_column_text][\/vc_column_inner][\/vc_row_inner][vc_row_inner][vc_column_inner width=&#8221;1\/3&#8243;][vc_single_image image=&#8221;14837&#8243; img_size=&#8221;full&#8221; alignment=&#8221;right&#8221;][\/vc_column_inner][vc_column_inner width=&#8221;2\/3&#8243;][vc_column_text css=&#8221;.vc_custom_1632480758781{padding-right: 30px !important;}&#8221;]Impulsni izlazi (kWh ili kWh + kvarh).[\/vc_column_text][\/vc_column_inner][\/vc_row_inner][\/vc_column][vc_column width=&#8221;1\/2&#8243;][vc_column_text]\u2022 Jednostavnost, brzina i lakoc\u0301a povezivanja brojila na mre\u017eu,<br \/>\nindikacija ispravne veze.<\/p>\n<p>\u2022 Kuc\u0301i\u0161te je od samogasivog polikarbonata.<\/p>\n<p>\u2022 <strong>Kompaktna izrada<\/strong> brojila prema DIN 43857.<\/p>\n<p>\u2022 <strong>IP54<\/strong> stepen za\u0161tite od prodora vlage i pra\u0161ine.<\/p>\n<p>\u2022 Visoka <strong>otpornost na elektromagnetne smetnje<\/strong>.<\/p>\n<p>\u2022 <strong>Nadgledanje i registrovanje naru\u0161avanja integriteta rada brojila<\/strong> (otvaranje gornjeg ili donjeg poklopca, jak uticaj magnetnog polja, pogre\u0161an poku\u0161aj pristupa lozinkom &#8230;).<\/p>\n<p>\u2022 <strong>DLMS<\/strong> komunikacijski protokol.<\/p>\n<p>\u2022 Moguc\u0301nost prelaska u <strong>daljinski sistem za merenje i upravljanje<\/strong> instaliranjem jednog od komunikacijskih modula &#8211; GSM \/ GPRS, PLC (S-FSK, DCSK, G3), ETHERNET, LoraWan.<\/p>\n<p>\u2022 <strong>Indikator radnog re\u017eima<\/strong> brojila i komunikacionog modema.<\/p>\n<p>\u2022 <strong>Relejni izlazi<\/strong> za daljinsko i lokalno upravljanje opterec\u0301enjem.<\/p>\n<p>\u2022 Prac\u0301enje snage i kontrola opterec\u0301enja sa <strong>integrisanim ili vanjskim prekida\u010dem<\/strong> na maksimalnu struju od 100 A.<\/p>\n<p>\u2022 <strong>Opti\u010dki izlaz(i):<\/strong>\u00a01000 imp \/ kWh (kvarh)<\/p>\n<p>\u2022 <strong>Tasteri LIST i SET<\/strong> (moguc\u0301nost zape\u010dac\u0301enja tastera SET).[\/vc_column_text][\/vc_column][\/vc_row][vc_row][vc_column][vc_empty_space][\/vc_column][\/vc_row][vc_row full_width=&#8221;stretch_row&#8221; css=&#8221;.vc_custom_1566134178867{margin-top: 0px !important;margin-bottom: 0px !important;background-color: #f2f2f2 !important;}&#8221;][vc_column width=&#8221;1\/2&#8243;][vc_single_image image=&#8221;15382&#8243; img_size=&#8221;full&#8221; alignment=&#8221;right&#8221; css=&#8221;.vc_custom_1632481150833{padding-right: 30px !important;padding-left: 80px !important;}&#8221;][\/vc_column][vc_column width=&#8221;1\/2&#8243;][vc_column_text css=&#8221;.vc_custom_1629055660337{padding-top: 20px !important;}&#8221;]\u2022 <strong>LCD displej<\/strong> s pozadinskim osvetljenjem.<\/p>\n<p>\u2022 Ozna\u010davanje podataka <strong>OBIS kodom<\/strong>: IEC 62056-61.<\/p>\n<p>\u2022 Programibilni set podataka i niz prikaza, ru\u010dno i automatski.[\/vc_column_text][\/vc_column][\/vc_row]<\/p>\n<\/div>","protected":false},"excerpt":{"rendered":"<p>[vc_row][vc_column][vc_empty_space height=&#8221;90px&#8221;][vc_row_inner][vc_column_inner width=&#8221;4\/6&#8243;][vc_column_text] Merne grupe za prosumere [\/vc_column_text][vc_column_text]Brojila elektri\u010dne energije posebno prilago\u0111ena za korisnike solarnih panela, vetroparkova, malih hidroelektrana i sli\u010dno.[\/vc_column_text][vc_empty_space height=&#8221;20px&#8221;][\/vc_column_inner][vc_column_inner width=&#8221;2\/6&#8243; css=&#8221;.vc_custom_1566133510334{padding-left: 30px !important;}&#8221;][vc_single_image image=&#8221;15384&#8243; img_size=&#8221;220&#215;189&#8243; css=&#8221;.vc_custom_1632498494843{padding-left: 30px [&hellip;]<\/p>\n","protected":false},"author":1,"featured_media":0,"parent":0,"menu_order":0,"comment_status":"closed","ping_status":"closed","template":"no-footer.php","meta":[],"_links":{"self":[{"href":"https:\/\/www.sitel.co.rs\/sr\/wp-json\/wp\/v2\/pages\/15950"}],"collection":[{"href":"https:\/\/www.sitel.co.rs\/sr\/wp-json\/wp\/v2\/pages"}],"about":[{"href":"https:\/\/www.sitel.co.rs\/sr\/wp-json\/wp\/v2\/types\/page"}],"author":[{"embeddable":true,"href":"https:\/\/www.sitel.co.rs\/sr\/wp-json\/wp\/v2\/users\/1"}],"replies":[{"embeddable":true,"href":"https:\/\/www.sitel.co.rs\/sr\/wp-json\/wp\/v2\/comments?post=15950"}],"version-history":[{"count":1,"href":"https:\/\/www.sitel.co.rs\/sr\/wp-json\/wp\/v2\/pages\/15950\/revisions"}],"predecessor-version":[{"id":15953,"href":"https:\/\/www.sitel.co.rs\/sr\/wp-json\/wp\/v2\/pages\/15950\/revisions\/15953"}],"wp:attachment":[{"href":"https:\/\/www.sitel.co.rs\/sr\/wp-json\/wp\/v2\/media?parent=15950"}],"curies":[{"name":"wp","href":"https:\/\/api.w.org\/{rel}","templated":true}]}}